{"id":451,"date":"2021-03-25T15:40:29","date_gmt":"2021-03-25T14:40:29","guid":{"rendered":"https:\/\/veronique-musch.be\/contact\/"},"modified":"2022-01-11T12:40:57","modified_gmt":"2022-01-11T11:40:57","slug":"contact","status":"publish","type":"page","link":"https:\/\/veronique-musch.be\/nl\/contact\/","title":{"rendered":"Contact"},"content":{"rendered":"\t\t<div data-elementor-type=\"wp-post\" data-elementor-id=\"451\" class=\"elementor elementor-451 elementor-109\" data-elementor-post-type=\"page\">\n\t\t\t\t\t\t<section class=\"has_eae_slider elementor-section elementor-top-section elementor-element elementor-element-12bdb807 elementor-section-boxed elementor-section-height-default elementor-section-height-default\" data-id=\"12bdb807\" data-element_type=\"section\" data-settings=\"{&quot;background_background&quot;:&quot;classic&quot;,&quot;shape_divider_bottom&quot;:&quot;pyramids&quot;}\">\n\t\t\t\t\t\t\t<div class=\"elementor-background-overlay\"><\/div>\n\t\t\t\t\t\t<div class=\"elementor-shape elementor-shape-bottom\" data-negative=\"false\">\n\t\t\t<svg xmlns=\"http:\/\/www.w3.org\/2000\/svg\" viewBox=\"0 0 1000 100\" preserveAspectRatio=\"none\">\n\t<path class=\"elementor-shape-fill\" d=\"M761.9,44.1L643.1,27.2L333.8,98L0,3.8V0l1000,0v3.9\"\/>\n<\/svg>\t\t<\/div>\n\t\t\t\t\t<div class=\"elementor-container elementor-column-gap-default\">\n\t\t\t\t\t<div class=\"has_eae_slider elementor-column elementor-col-100 elementor-top-column elementor-element elementor-element-2ad1ff7a\" data-id=\"2ad1ff7a\" data-element_type=\"column\">\n\t\t\t<div class=\"elementor-widget-wrap elementor-element-populated\">\n\t\t\t\t\t\t<div class=\"elementor-element elementor-element-2383f33d elementor-widget elementor-widget-heading\" data-id=\"2383f33d\" data-element_type=\"widget\" data-widget_type=\"heading.default\">\n\t\t\t\t<div class=\"elementor-widget-container\">\n\t\t\t<h1 class=\"elementor-heading-title elementor-size-default\">Neem contact op met me!<\/h1>\t\t<\/div>\n\t\t\t\t<\/div>\n\t\t\t\t<div class=\"elementor-element elementor-element-324095b elementor-view-default elementor-widget elementor-widget-icon\" data-id=\"324095b\" data-element_type=\"widget\" data-widget_type=\"icon.default\">\n\t\t\t\t<div class=\"elementor-widget-container\">\n\t\t\t\t\t<div class=\"elementor-icon-wrapper\">\n\t\t\t<a class=\"elementor-icon\" href=\"#intro\">\n\t\t\t<i aria-hidden=\"true\" class=\"fas fa-arrow-down\"><\/i>\t\t\t<\/a>\n\t\t<\/div>\n\t\t\t\t<\/div>\n\t\t\t\t<\/div>\n\t\t\t\t\t<\/div>\n\t\t<\/div>\n\t\t\t\t\t<\/div>\n\t\t<\/section>\n\t\t\t\t<section class=\"has_eae_slider elementor-section elementor-top-section elementor-element elementor-element-38b50bed elementor-section-boxed elementor-section-height-default elementor-section-height-default\" data-id=\"38b50bed\" data-element_type=\"section\" id=\"intro\">\n\t\t\t\t\t\t<div class=\"elementor-container elementor-column-gap-default\">\n\t\t\t\t\t<div class=\"has_eae_slider elementor-column elementor-col-33 elementor-top-column elementor-element elementor-element-24f94a14\" data-id=\"24f94a14\" data-element_type=\"column\">\n\t\t\t<div class=\"elementor-widget-wrap elementor-element-populated\">\n\t\t\t\t\t\t<div class=\"elementor-element elementor-element-56572a07 elementor-view-default elementor-position-top elementor-mobile-position-top elementor-invisible elementor-widget elementor-widget-icon-box\" data-id=\"56572a07\" data-element_type=\"widget\" data-settings=\"{&quot;_animation&quot;:&quot;fadeInUp&quot;}\" data-widget_type=\"icon-box.default\">\n\t\t\t\t<div class=\"elementor-widget-container\">\n\t\t\t\t\t<div class=\"elementor-icon-box-wrapper\">\n\n\t\t\t\t\t\t<div class=\"elementor-icon-box-icon\">\n\t\t\t\t<a href=\"tel:0032495634629\" class=\"elementor-icon elementor-animation-pop\" tabindex=\"-1\">\n\t\t\t\t<i aria-hidden=\"true\" class=\"fas fa-mobile-alt\"><\/i>\t\t\t\t<\/a>\n\t\t\t<\/div>\n\t\t\t\n\t\t\t\t\t\t<div class=\"elementor-icon-box-content\">\n\n\t\t\t\t\t\t\t\t\t<h3 class=\"elementor-icon-box-title\">\n\t\t\t\t\t\t<a href=\"tel:0032495634629\" >\n\t\t\t\t\t\t\t+32 (0) 495 634 629\t\t\t\t\t\t<\/a>\n\t\t\t\t\t<\/h3>\n\t\t\t\t\n\t\t\t\t\n\t\t\t<\/div>\n\t\t\t\n\t\t<\/div>\n\t\t\t\t<\/div>\n\t\t\t\t<\/div>\n\t\t\t\t\t<\/div>\n\t\t<\/div>\n\t\t\t\t<div class=\"has_eae_slider elementor-column elementor-col-33 elementor-top-column elementor-element elementor-element-27bd1cb3\" data-id=\"27bd1cb3\" data-element_type=\"column\">\n\t\t\t<div class=\"elementor-widget-wrap elementor-element-populated\">\n\t\t\t\t\t\t<div class=\"elementor-element elementor-element-1b1dac27 elementor-view-default elementor-position-top elementor-mobile-position-top elementor-invisible elementor-widget elementor-widget-icon-box\" data-id=\"1b1dac27\" data-element_type=\"widget\" data-settings=\"{&quot;_animation&quot;:&quot;fadeInUp&quot;,&quot;_animation_delay&quot;:300}\" data-widget_type=\"icon-box.default\">\n\t\t\t\t<div class=\"elementor-widget-container\">\n\t\t\t\t\t<div class=\"elementor-icon-box-wrapper\">\n\n\t\t\t\t\t\t<div class=\"elementor-icon-box-icon\">\n\t\t\t\t<a href=\"mailto:veromusch@hotmail.com\" class=\"elementor-icon elementor-animation-pop\" tabindex=\"-1\">\n\t\t\t\t<i aria-hidden=\"true\" class=\"far fa-envelope\"><\/i>\t\t\t\t<\/a>\n\t\t\t<\/div>\n\t\t\t\n\t\t\t\t\t\t<div class=\"elementor-icon-box-content\">\n\n\t\t\t\t\t\t\t\t\t<h3 class=\"elementor-icon-box-title\">\n\t\t\t\t\t\t<a href=\"mailto:veromusch@hotmail.com\" >\n\t\t\t\t\t\t\tveromusch@hotmail.com\t\t\t\t\t\t<\/a>\n\t\t\t\t\t<\/h3>\n\t\t\t\t\n\t\t\t\t\n\t\t\t<\/div>\n\t\t\t\n\t\t<\/div>\n\t\t\t\t<\/div>\n\t\t\t\t<\/div>\n\t\t\t\t\t<\/div>\n\t\t<\/div>\n\t\t\t\t<div class=\"has_eae_slider elementor-column elementor-col-33 elementor-top-column elementor-element elementor-element-076df38\" data-id=\"076df38\" data-element_type=\"column\">\n\t\t\t<div class=\"elementor-widget-wrap elementor-element-populated\">\n\t\t\t\t\t\t<div class=\"elementor-element elementor-element-d7cc422 elementor-view-default elementor-position-top elementor-mobile-position-top elementor-invisible elementor-widget elementor-widget-icon-box\" data-id=\"d7cc422\" data-element_type=\"widget\" data-settings=\"{&quot;_animation&quot;:&quot;fadeInUp&quot;,&quot;_animation_delay&quot;:300}\" data-widget_type=\"icon-box.default\">\n\t\t\t\t<div class=\"elementor-widget-container\">\n\t\t\t\t\t<div class=\"elementor-icon-box-wrapper\">\n\n\t\t\t\t\t\t<div class=\"elementor-icon-box-icon\">\n\t\t\t\t<span  class=\"elementor-icon elementor-animation-pop\">\n\t\t\t\t<i aria-hidden=\"true\" class=\"fas fa-map-marker-alt\"><\/i>\t\t\t\t<\/span>\n\t\t\t<\/div>\n\t\t\t\n\t\t\t\t\t\t<div class=\"elementor-icon-box-content\">\n\n\t\t\t\t\t\t\t\t\t<h3 class=\"elementor-icon-box-title\">\n\t\t\t\t\t\t<span  >\n\t\t\t\t\t\t\tRoute de charleroi 13 <br>7134 Ressaix (Binche)\t\t\t\t\t\t<\/span>\n\t\t\t\t\t<\/h3>\n\t\t\t\t\n\t\t\t\t\t\t\t\t\t<p class=\"elementor-icon-box-description\">\n\t\t\t\t\t\tNaast de Delhaize \/ tegenover het politiekantoor\t\t\t\t\t<\/p>\n\t\t\t\t\n\t\t\t<\/div>\n\t\t\t\n\t\t<\/div>\n\t\t\t\t<\/div>\n\t\t\t\t<\/div>\n\t\t\t\t\t<\/div>\n\t\t<\/div>\n\t\t\t\t\t<\/div>\n\t\t<\/section>\n\t\t\t\t<section class=\"has_eae_slider elementor-section elementor-top-section elementor-element elementor-element-fe246c3 elementor-section-boxed elementor-section-height-default elementor-section-height-default\" data-id=\"fe246c3\" data-element_type=\"section\" id=\"quisuisje\" data-settings=\"{&quot;background_background&quot;:&quot;classic&quot;,&quot;shape_divider_top&quot;:&quot;pyramids&quot;}\">\n\t\t\t\t\t<div class=\"elementor-shape elementor-shape-top\" data-negative=\"false\">\n\t\t\t<svg xmlns=\"http:\/\/www.w3.org\/2000\/svg\" viewBox=\"0 0 1000 100\" preserveAspectRatio=\"none\">\n\t<path class=\"elementor-shape-fill\" d=\"M761.9,44.1L643.1,27.2L333.8,98L0,3.8V0l1000,0v3.9\"\/>\n<\/svg>\t\t<\/div>\n\t\t\t\t\t<div class=\"elementor-container elementor-column-gap-no\">\n\t\t\t\t\t<div class=\"has_eae_slider elementor-column elementor-col-100 elementor-top-column elementor-element elementor-element-2ad4ee02\" data-id=\"2ad4ee02\" data-element_type=\"column\">\n\t\t\t<div class=\"elementor-widget-wrap elementor-element-populated\">\n\t\t\t\t\t\t<section class=\"has_eae_slider elementor-section elementor-inner-section elementor-element elementor-element-2fdbdd89 elementor-section-boxed elementor-section-height-default elementor-section-height-default\" data-id=\"2fdbdd89\" data-element_type=\"section\">\n\t\t\t\t\t\t<div class=\"elementor-container elementor-column-gap-default\">\n\t\t\t\t\t<div class=\"has_eae_slider elementor-column elementor-col-100 elementor-inner-column elementor-element elementor-element-4c62e959\" data-id=\"4c62e959\" data-element_type=\"column\" data-settings=\"{&quot;background_background&quot;:&quot;classic&quot;}\">\n\t\t\t<div class=\"elementor-widget-wrap elementor-element-populated\">\n\t\t\t\t\t\t<div class=\"elementor-element elementor-element-f6782b2 elementor-widget elementor-widget-heading\" data-id=\"f6782b2\" data-element_type=\"widget\" data-widget_type=\"heading.default\">\n\t\t\t\t<div class=\"elementor-widget-container\">\n\t\t\t<h2 class=\"elementor-heading-title elementor-size-default\">Vul het formulier in<\/h2>\t\t<\/div>\n\t\t\t\t<\/div>\n\t\t\t\t<div class=\"elementor-element elementor-element-2c21c19 elementor-button-align-center elementor-widget elementor-widget-form\" data-id=\"2c21c19\" data-element_type=\"widget\" data-settings=\"{&quot;step_next_label&quot;:&quot;Suivant&quot;,&quot;step_previous_label&quot;:&quot;Pr\\u00e9c\\u00e9dent&quot;,&quot;button_width&quot;:&quot;100&quot;,&quot;step_type&quot;:&quot;number_text&quot;,&quot;step_icon_shape&quot;:&quot;circle&quot;}\" data-widget_type=\"form.default\">\n\t\t\t\t<div class=\"elementor-widget-container\">\n\t\t\t\t\t<form class=\"elementor-form\" method=\"post\" name=\"Nieuw formulier\">\n\t\t\t<input type=\"hidden\" name=\"post_id\" value=\"451\"\/>\n\t\t\t<input type=\"hidden\" name=\"form_id\" value=\"2c21c19\"\/>\n\t\t\t<input type=\"hidden\" name=\"referer_title\" value=\"V\u00e9ronique Musch\" \/>\n\n\t\t\t\n\t\t\t<div class=\"elementor-form-fields-wrapper elementor-labels-above\">\n\t\t\t\t\t\t\t\t<div class=\"elementor-field-type-text elementor-field-group elementor-column elementor-field-group-name elementor-col-50 elementor-field-required\">\n\t\t\t\t\t\t\t\t\t\t\t\t\t<input size=\"1\" type=\"text\" name=\"form_fields[name]\" id=\"form-field-name\" class=\"elementor-field elementor-size-lg  elementor-field-textual\" placeholder=\"Naam\" required=\"required\" aria-required=\"true\">\n\t\t\t\t\t\t\t\t\t\t\t<\/div>\n\t\t\t\t\t\t\t\t<div class=\"elementor-field-type-text elementor-field-group elementor-column elementor-field-group-field_1 elementor-col-50 elementor-field-required\">\n\t\t\t\t\t\t\t\t\t\t\t\t\t<input size=\"1\" type=\"text\" name=\"form_fields[field_1]\" id=\"form-field-field_1\" class=\"elementor-field elementor-size-lg  elementor-field-textual\" placeholder=\"Voornaam\" required=\"required\" aria-required=\"true\">\n\t\t\t\t\t\t\t\t\t\t\t<\/div>\n\t\t\t\t\t\t\t\t<div class=\"elementor-field-type-tel elementor-field-group elementor-column elementor-field-group-email elementor-col-50\">\n\t\t\t\t\t\t\t<input size=\"1\" type=\"tel\" name=\"form_fields[email]\" id=\"form-field-email\" class=\"elementor-field elementor-size-lg  elementor-field-textual\" placeholder=\"Telefoonnummer\" pattern=\"[0-9()#&amp;+*-=.]+\" title=\"Alleen nummers en telefoontekens (#, -, *, enz.) worden geaccepteerd.\">\n\n\t\t\t\t\t\t<\/div>\n\t\t\t\t\t\t\t\t<div class=\"elementor-field-type-email elementor-field-group elementor-column elementor-field-group-field_2 elementor-col-50 elementor-field-required\">\n\t\t\t\t\t\t\t\t\t\t\t\t\t<input size=\"1\" type=\"email\" name=\"form_fields[field_2]\" id=\"form-field-field_2\" class=\"elementor-field elementor-size-lg  elementor-field-textual\" placeholder=\"E-mailadres\" required=\"required\" aria-required=\"true\">\n\t\t\t\t\t\t\t\t\t\t\t<\/div>\n\t\t\t\t\t\t\t\t<div class=\"elementor-field-type-textarea elementor-field-group elementor-column elementor-field-group-message elementor-col-100 elementor-field-required\">\n\t\t\t\t\t<textarea class=\"elementor-field-textual elementor-field  elementor-size-lg\" name=\"form_fields[message]\" id=\"form-field-message\" rows=\"8\" placeholder=\"Uw bericht\" required=\"required\" aria-required=\"true\"><\/textarea>\t\t\t\t<\/div>\n\t\t\t\t\t\t\t\t<div class=\"elementor-field-type-recaptcha_v3 elementor-field-group elementor-column elementor-field-group-field_8da13e9 elementor-col-100 recaptcha_v3-bottomright\">\n\t\t\t\t\t<div class=\"elementor-field\" id=\"form-field-field_8da13e9\"><div class=\"elementor-g-recaptcha\" data-sitekey=\"6LeLOcAUAAAAAHsHmiTE2799h4bOKi87P_vOPv7C\" data-type=\"v3\" data-action=\"Form\" data-badge=\"bottomright\" data-size=\"invisible\"><\/div><\/div>\t\t\t\t<\/div>\n\t\t\t\t\t\t\t\t<div class=\"elementor-field-group elementor-column elementor-field-type-submit elementor-col-100 e-form__buttons\">\n\t\t\t\t\t<button class=\"elementor-button elementor-size-lg elementor-animation-pop\" type=\"submit\">\n\t\t\t\t\t\t<span class=\"elementor-button-content-wrapper\">\n\t\t\t\t\t\t\t\t\t\t\t\t\t\t\t<span class=\"elementor-button-icon\">\n\t\t\t\t\t\t\t\t\t<i aria-hidden=\"true\" class=\"fas fa-arrow-right\"><\/i>\t\t\t\t\t\t\t\t\t\t\t\t\t\t\t\t\t<\/span>\n\t\t\t\t\t\t\t\t\t\t\t\t\t\t\t\t\t\t\t\t\t\t<span class=\"elementor-button-text\">Verzenden<\/span>\n\t\t\t\t\t\t\t\t\t\t\t\t\t<\/span>\n\t\t\t\t\t<\/button>\n\t\t\t\t<\/div>\n\t\t\t<\/div>\n\t\t<\/form>\n\t\t\t\t<\/div>\n\t\t\t\t<\/div>\n\t\t\t\t\t<\/div>\n\t\t<\/div>\n\t\t\t\t\t<\/div>\n\t\t<\/section>\n\t\t\t\t\t<\/div>\n\t\t<\/div>\n\t\t\t\t\t<\/div>\n\t\t<\/section>\n\t\t\t\t<section class=\"has_eae_slider elementor-section elementor-top-section elementor-element elementor-element-36596c5 elementor-section-full_width elementor-section-height-default elementor-section-height-default\" data-id=\"36596c5\" data-element_type=\"section\" id=\"contact\" data-settings=\"{&quot;background_background&quot;:&quot;classic&quot;}\">\n\t\t\t\t\t\t<div class=\"elementor-container elementor-column-gap-default\">\n\t\t\t\t\t<div class=\"has_eae_slider elementor-column elementor-col-100 elementor-top-column elementor-element elementor-element-582618c\" data-id=\"582618c\" data-element_type=\"column\">\n\t\t\t<div class=\"elementor-widget-wrap elementor-element-populated\">\n\t\t\t\t\t\t<div class=\"elementor-element elementor-element-cc08f24 elementor-widget elementor-widget-wts-gmap\" data-id=\"cc08f24\" data-element_type=\"widget\" data-widget_type=\"wts-gmap.default\">\n\t\t\t\t<div class=\"elementor-widget-container\">\n\t\t\t\t\t\t<div class=\"eae-markers\" data-zoom=\"10\" data-style=\"[\n    {\n        &quot;featureType&quot;: &quot;administrative&quot;,\n        &quot;elementType&quot;: &quot;labels.text.fill&quot;,\n        &quot;stylers&quot;: [\n            {\n                &quot;color&quot;: &quot;#444444&quot;\n            }\n        ]\n    },\n    {\n        &quot;featureType&quot;: &quot;landscape&quot;,\n        &quot;elementType&quot;: &quot;all&quot;,\n        &quot;stylers&quot;: [\n            {\n                &quot;color&quot;: &quot;#f2f2f2&quot;\n            }\n        ]\n    },\n    {\n        &quot;featureType&quot;: &quot;poi&quot;,\n        &quot;elementType&quot;: &quot;all&quot;,\n        &quot;stylers&quot;: [\n            {\n                &quot;visibility&quot;: &quot;off&quot;\n            }\n        ]\n    },\n    {\n        &quot;featureType&quot;: &quot;road&quot;,\n        &quot;elementType&quot;: &quot;all&quot;,\n        &quot;stylers&quot;: [\n            {\n                &quot;saturation&quot;: -100\n            },\n            {\n                &quot;lightness&quot;: 45\n            }\n        ]\n    },\n    {\n        &quot;featureType&quot;: &quot;road.highway&quot;,\n        &quot;elementType&quot;: &quot;all&quot;,\n        &quot;stylers&quot;: [\n            {\n                &quot;visibility&quot;: &quot;simplified&quot;\n            }\n        ]\n    },\n    {\n        &quot;featureType&quot;: &quot;road.arterial&quot;,\n        &quot;elementType&quot;: &quot;labels.icon&quot;,\n        &quot;stylers&quot;: [\n            {\n                &quot;visibility&quot;: &quot;off&quot;\n            }\n        ]\n    },\n    {\n        &quot;featureType&quot;: &quot;transit&quot;,\n        &quot;elementType&quot;: &quot;all&quot;,\n        &quot;stylers&quot;: [\n            {\n                &quot;visibility&quot;: &quot;off&quot;\n            }\n        ]\n    },\n    {\n        &quot;featureType&quot;: &quot;water&quot;,\n        &quot;elementType&quot;: &quot;all&quot;,\n        &quot;stylers&quot;: [\n            {\n                &quot;color&quot;: &quot;#b82837&quot;\n            },\n            {\n                &quot;visibility&quot;: &quot;on&quot;\n            }\n        ]\n    }\n]\" data-animate=\"animate-yes\">\n\t\t\t\t\t\t\t<div class=\"marker\" data-lng=\"4.184505\" data-lat=\"50.410871\" data-icon=\"https:\/\/veronique-musch.be\/wp-content\/uploads\/2019\/09\/map-pin.png\" data-icon-size=\"90\" data-info-window=\"no\">\n\t\t\t\t\t<p>Route de Charleroi 13<br \/>\n7134 Ressaix (Binche)<\/p>\n\t\t\t\t<\/div>\n\t\t\t\t\t\t\t<\/div>\n\t\t\t\t\t<\/div>\n\t\t\t\t<\/div>\n\t\t\t\t\t<\/div>\n\t\t<\/div>\n\t\t\t\t\t<\/div>\n\t\t<\/section>\n\t\t\t\t<\/div>\n\t\t","protected":false},"excerpt":{"rendered":"<p>Neem contact op met me! +32 (0) 495 634 629 veromusch@hotmail.com Route de charleroi 13 7134 Ressaix (Binche) Naast de Delhaize \/ tegenover het politiekantoor Vul het formulier in Route de Charleroi 13 7134 Ressaix (Binche)<\/p>\n","protected":false},"author":1,"featured_media":0,"parent":0,"menu_order":0,"comment_status":"closed","ping_status":"open","template":"elementor_header_footer","meta":{"footnotes":""},"class_list":["post-451","page","type-page","status-publish","hentry"],"yoast_head":"<!-- This site is optimized with the Yoast SEO plugin v23.2 - https:\/\/yoast.com\/wordpress\/plugins\/seo\/ -->\n<title>Contact - V\u00e9ronique Musch - Le coaching autrement<\/title>\n<meta name=\"description\" content=\"Contactez V\u00e9ronique Musch, votre partenaire en d\u00e9veloppement personnel et professionnel. Coach par et avec les chevaux.\" \/>\n<meta name=\"robots\" content=\"index, follow, max-snippet:-1, max-image-preview:large, max-video-preview:-1\" \/>\n<link rel=\"canonical\" href=\"https:\/\/veronique-musch.be\/nl\/contact\/\" \/>\n<meta property=\"og:locale\" content=\"nl_NL\" \/>\n<meta property=\"og:type\" content=\"article\" \/>\n<meta property=\"og:title\" content=\"Contact - V\u00e9ronique Musch - Le coaching autrement\" \/>\n<meta property=\"og:description\" content=\"Contactez V\u00e9ronique Musch, votre partenaire en d\u00e9veloppement personnel et professionnel. Coach par et avec les chevaux.\" \/>\n<meta property=\"og:url\" content=\"https:\/\/veronique-musch.be\/nl\/contact\/\" \/>\n<meta property=\"og:site_name\" content=\"V\u00e9ronique Musch\" \/>\n<meta property=\"article:publisher\" content=\"https:\/\/www.facebook.com\/V%c3%a9ronique-Musch-105581507494683\/\" \/>\n<meta property=\"article:modified_time\" content=\"2022-01-11T11:40:57+00:00\" \/>\n<meta property=\"og:image\" content=\"https:\/\/veronique-musch.be\/wp-content\/uploads\/2019\/09\/coaching-veronique-musch.jpg\" \/>\n\t<meta property=\"og:image:width\" content=\"1920\" \/>\n\t<meta property=\"og:image:height\" content=\"1280\" \/>\n\t<meta property=\"og:image:type\" content=\"image\/jpeg\" \/>\n<meta name=\"twitter:card\" content=\"summary_large_image\" \/>\n<meta name=\"twitter:image\" content=\"https:\/\/veronique-musch.be\/wp-content\/uploads\/2019\/09\/coaching-veronique-musch.jpg\" \/>\n<script type=\"application\/ld+json\" class=\"yoast-schema-graph\">{\"@context\":\"https:\/\/schema.org\",\"@graph\":[{\"@type\":\"WebPage\",\"@id\":\"https:\/\/veronique-musch.be\/nl\/contact\/\",\"url\":\"https:\/\/veronique-musch.be\/nl\/contact\/\",\"name\":\"Contact - V\u00e9ronique Musch - Le coaching autrement\",\"isPartOf\":{\"@id\":\"https:\/\/veronique-musch.be\/nl\/#website\"},\"datePublished\":\"2021-03-25T14:40:29+00:00\",\"dateModified\":\"2022-01-11T11:40:57+00:00\",\"description\":\"Contactez V\u00e9ronique Musch, votre partenaire en d\u00e9veloppement personnel et professionnel. Coach par et avec les chevaux.\",\"breadcrumb\":{\"@id\":\"https:\/\/veronique-musch.be\/nl\/contact\/#breadcrumb\"},\"inLanguage\":\"nl-NL\",\"potentialAction\":[{\"@type\":\"ReadAction\",\"target\":[\"https:\/\/veronique-musch.be\/nl\/contact\/\"]}]},{\"@type\":\"BreadcrumbList\",\"@id\":\"https:\/\/veronique-musch.be\/nl\/contact\/#breadcrumb\",\"itemListElement\":[{\"@type\":\"ListItem\",\"position\":1,\"name\":\"Accueil\",\"item\":\"https:\/\/veronique-musch.be\/nl\/\"},{\"@type\":\"ListItem\",\"position\":2,\"name\":\"Contact\"}]},{\"@type\":\"WebSite\",\"@id\":\"https:\/\/veronique-musch.be\/nl\/#website\",\"url\":\"https:\/\/veronique-musch.be\/nl\/\",\"name\":\"V\u00e9ronique Musch\",\"description\":\"Le coaching autrement\",\"publisher\":{\"@id\":\"https:\/\/veronique-musch.be\/nl\/#organization\"},\"potentialAction\":[{\"@type\":\"SearchAction\",\"target\":{\"@type\":\"EntryPoint\",\"urlTemplate\":\"https:\/\/veronique-musch.be\/nl\/?s={search_term_string}\"},\"query-input\":\"required name=search_term_string\"}],\"inLanguage\":\"nl-NL\"},{\"@type\":\"Organization\",\"@id\":\"https:\/\/veronique-musch.be\/nl\/#organization\",\"name\":\"V\u00e9ronique Musch\",\"url\":\"https:\/\/veronique-musch.be\/nl\/\",\"logo\":{\"@type\":\"ImageObject\",\"inLanguage\":\"nl-NL\",\"@id\":\"https:\/\/veronique-musch.be\/nl\/#\/schema\/logo\/image\/\",\"url\":\"https:\/\/veronique-musch.be\/wp-content\/uploads\/2019\/09\/logo-VeroniqueMusch-RGB.png\",\"contentUrl\":\"https:\/\/veronique-musch.be\/wp-content\/uploads\/2019\/09\/logo-VeroniqueMusch-RGB.png\",\"width\":800,\"height\":460,\"caption\":\"V\u00e9ronique Musch\"},\"image\":{\"@id\":\"https:\/\/veronique-musch.be\/nl\/#\/schema\/logo\/image\/\"},\"sameAs\":[\"https:\/\/www.facebook.com\/V\u00e9ronique-Musch-105581507494683\/\",\"https:\/\/www.linkedin.com\/in\/v\u00e9ronique-musch-34867a7\/\"]}]}<\/script>\n<!-- \/ Yoast SEO plugin. -->","yoast_head_json":{"title":"Contact - V\u00e9ronique Musch - Le coaching autrement","description":"Contactez V\u00e9ronique Musch, votre partenaire en d\u00e9veloppement personnel et professionnel. Coach par et avec les chevaux.","robots":{"index":"index","follow":"follow","max-snippet":"max-snippet:-1","max-image-preview":"max-image-preview:large","max-video-preview":"max-video-preview:-1"},"canonical":"https:\/\/veronique-musch.be\/nl\/contact\/","og_locale":"nl_NL","og_type":"article","og_title":"Contact - V\u00e9ronique Musch - Le coaching autrement","og_description":"Contactez V\u00e9ronique Musch, votre partenaire en d\u00e9veloppement personnel et professionnel. Coach par et avec les chevaux.","og_url":"https:\/\/veronique-musch.be\/nl\/contact\/","og_site_name":"V\u00e9ronique Musch","article_publisher":"https:\/\/www.facebook.com\/V%c3%a9ronique-Musch-105581507494683\/","article_modified_time":"2022-01-11T11:40:57+00:00","og_image":[{"width":1920,"height":1280,"url":"https:\/\/veronique-musch.be\/wp-content\/uploads\/2019\/09\/coaching-veronique-musch.jpg","type":"image\/jpeg"}],"twitter_card":"summary_large_image","twitter_image":"https:\/\/veronique-musch.be\/wp-content\/uploads\/2019\/09\/coaching-veronique-musch.jpg","schema":{"@context":"https:\/\/schema.org","@graph":[{"@type":"WebPage","@id":"https:\/\/veronique-musch.be\/nl\/contact\/","url":"https:\/\/veronique-musch.be\/nl\/contact\/","name":"Contact - V\u00e9ronique Musch - Le coaching autrement","isPartOf":{"@id":"https:\/\/veronique-musch.be\/nl\/#website"},"datePublished":"2021-03-25T14:40:29+00:00","dateModified":"2022-01-11T11:40:57+00:00","description":"Contactez V\u00e9ronique Musch, votre partenaire en d\u00e9veloppement personnel et professionnel. Coach par et avec les chevaux.","breadcrumb":{"@id":"https:\/\/veronique-musch.be\/nl\/contact\/#breadcrumb"},"inLanguage":"nl-NL","potentialAction":[{"@type":"ReadAction","target":["https:\/\/veronique-musch.be\/nl\/contact\/"]}]},{"@type":"BreadcrumbList","@id":"https:\/\/veronique-musch.be\/nl\/contact\/#breadcrumb","itemListElement":[{"@type":"ListItem","position":1,"name":"Accueil","item":"https:\/\/veronique-musch.be\/nl\/"},{"@type":"ListItem","position":2,"name":"Contact"}]},{"@type":"WebSite","@id":"https:\/\/veronique-musch.be\/nl\/#website","url":"https:\/\/veronique-musch.be\/nl\/","name":"V\u00e9ronique Musch","description":"Le coaching autrement","publisher":{"@id":"https:\/\/veronique-musch.be\/nl\/#organization"},"potentialAction":[{"@type":"SearchAction","target":{"@type":"EntryPoint","urlTemplate":"https:\/\/veronique-musch.be\/nl\/?s={search_term_string}"},"query-input":"required name=search_term_string"}],"inLanguage":"nl-NL"},{"@type":"Organization","@id":"https:\/\/veronique-musch.be\/nl\/#organization","name":"V\u00e9ronique Musch","url":"https:\/\/veronique-musch.be\/nl\/","logo":{"@type":"ImageObject","inLanguage":"nl-NL","@id":"https:\/\/veronique-musch.be\/nl\/#\/schema\/logo\/image\/","url":"https:\/\/veronique-musch.be\/wp-content\/uploads\/2019\/09\/logo-VeroniqueMusch-RGB.png","contentUrl":"https:\/\/veronique-musch.be\/wp-content\/uploads\/2019\/09\/logo-VeroniqueMusch-RGB.png","width":800,"height":460,"caption":"V\u00e9ronique Musch"},"image":{"@id":"https:\/\/veronique-musch.be\/nl\/#\/schema\/logo\/image\/"},"sameAs":["https:\/\/www.facebook.com\/V\u00e9ronique-Musch-105581507494683\/","https:\/\/www.linkedin.com\/in\/v\u00e9ronique-musch-34867a7\/"]}]}},"_links":{"self":[{"href":"https:\/\/veronique-musch.be\/nl\/wp-json\/wp\/v2\/pages\/451"}],"collection":[{"href":"https:\/\/veronique-musch.be\/nl\/wp-json\/wp\/v2\/pages"}],"about":[{"href":"https:\/\/veronique-musch.be\/nl\/wp-json\/wp\/v2\/types\/page"}],"author":[{"embeddable":true,"href":"https:\/\/veronique-musch.be\/nl\/wp-json\/wp\/v2\/users\/1"}],"replies":[{"embeddable":true,"href":"https:\/\/veronique-musch.be\/nl\/wp-json\/wp\/v2\/comments?post=451"}],"version-history":[{"count":4,"href":"https:\/\/veronique-musch.be\/nl\/wp-json\/wp\/v2\/pages\/451\/revisions"}],"predecessor-version":[{"id":879,"href":"https:\/\/veronique-musch.be\/nl\/wp-json\/wp\/v2\/pages\/451\/revisions\/879"}],"wp:attachment":[{"href":"https:\/\/veronique-musch.be\/nl\/wp-json\/wp\/v2\/media?parent=451"}],"curies":[{"name":"wp","href":"https:\/\/api.w.org\/{rel}","templated":true}]}}